{"id":3277,"date":"2022-01-04T10:42:47","date_gmt":"2022-01-04T08:42:47","guid":{"rendered":"https:\/\/flexblow.com\/mision"},"modified":"2022-08-10T15:59:01","modified_gmt":"2022-08-10T13:59:01","slug":"mision-valores","status":"publish","type":"page","link":"https:\/\/flexblow.com\/es\/mision-valores\/","title":{"rendered":"Mision, valores"},"content":{"rendered":"<div class=\"fusion-fullwidth fullwidth-box fusion-builder-row-1 fusion-flex-container split-page hundred-percent-fullwidth non-hundred-percent-height-scrolling\" style=\"background-color: rgba(255,255,255,0);background-position: center center;background-repeat: no-repeat;border-width: 0px 0px 0px 0px;border-color:var(--awb-color3);border-style:solid;\" ><div class=\"fusion-builder-row fusion-row fusion-flex-align-items-flex-start\" style=\"width:104% !important;max-width:104% !important;margin-left: calc(-4% \/ 2 );margin-right: calc(-4% \/ 2 );\"><div class=\"fusion-layout-column fusion_builder_column fusion-builder-column-0 fusion_builder_column_1_2 1_2 fusion-flex-column fusion-flex-align-self-center\"><div class=\"fusion-column-wrapper fusion-flex-justify-content-flex-start fusion-content-layout-column\" style=\"background-position:left top;background-repeat:no-repeat;-webkit-background-size:cover;-moz-background-size:cover;-o-background-size:cover;background-size:cover;background-color:rgba(170,170,170,0);padding: 0px 0% 60px 0%;\"><style type=\"text\/css\">@media only screen and (max-width:1024px) {.fusion-title.fusion-title-1{margin-top:10px!important; margin-right:0px!important;margin-bottom:15px!important;margin-left:0px!important;}}@media only screen and (max-width:800px) {.fusion-title.fusion-title-1{margin-top:10px!important; margin-right:0px!important;margin-bottom:10px!important; margin-left:0px!important;}}<\/style><div class=\"fusion-title title fusion-title-1 fusion-sep-none fusion-title-text fusion-title-size-one\" style=\"margin-top:10px;margin-right:0px;margin-bottom:15px;margin-left:0px;\"><h1 class=\"title-heading-left fusion-responsive-typography-calculated\" style=\"margin:0;--fontSize:48;line-height:1;\"><h1>Conduciendo nuestra misi\u00f3n<\/h1><\/h1><\/div><div class=\"fusion-builder-row fusion-builder-row-inner fusion-row fusion-flex-align-items-flex-start\" style=\"width:104% !important;max-width:104% !important;margin-left: calc(-4% \/ 2 );margin-right: calc(-4% \/ 2 );\"><div class=\"fusion-layout-column fusion_builder_column_inner fusion-builder-nested-column-0 fusion_builder_column_inner_1_2 1_2 fusion-flex-column\"><div class=\"fusion-column-wrapper fusion-flex-justify-content-flex-start fusion-content-layout-column\" style=\"background-position:left top;background-repeat:no-repeat;-webkit-background-size:cover;-moz-background-size:cover;-o-background-size:cover;background-size:cover;padding: 0px 0px 0px 0px;\"><div class=\"fusion-text fusion-text-1\"><h5>A NUESTROS CLIENTES<\/h5>\n<p>Aportar soluciones que garanticen confianza, confort y prosperidad<\/p>\n<h5>A NUESTROS COLEGAS<\/h5>\n<p>Motivar a nuestro equipo de expertos unido y en constante avance<\/p>\n<h5>A NUESTRA COMUNIDAD<\/h5>\n<p>Cuidar nuestro planeta a nivel mundial y nuestra comunidad a nivel local<\/p>\n<\/div><\/div><style type=\"text\/css\">.fusion-body .fusion-builder-nested-column-0{width:50% !important;margin-top : 0px;margin-bottom : 20px;}.fusion-builder-nested-column-0 > .fusion-column-wrapper {padding-top : 0px !important;padding-right : 0px !important;margin-right : 3.84%;padding-bottom : 0px !important;padding-left : 0px !important;margin-left : 3.84%;}@media only screen and (max-width:1024px) {.fusion-body .fusion-builder-nested-column-0{width:100% !important;order : 0;margin-bottom : 0px;}.fusion-builder-nested-column-0 > .fusion-column-wrapper {margin-right : 1.92%;margin-left : 1.92%;}}@media only screen and (max-width:800px) {.fusion-body .fusion-builder-nested-column-0{width:100% !important;order : 0;}.fusion-builder-nested-column-0 > .fusion-column-wrapper {margin-right : 1.92%;margin-left : 1.92%;}}<\/style><\/div><div class=\"fusion-layout-column fusion_builder_column_inner fusion-builder-nested-column-1 fusion_builder_column_inner_1_2 1_2 fusion-flex-column\"><div class=\"fusion-column-wrapper fusion-flex-justify-content-flex-start fusion-content-layout-column\" style=\"background-position:left top;background-repeat:no-repeat;-webkit-background-size:cover;-moz-background-size:cover;-o-background-size:cover;background-size:cover;padding: 0px 0px 0px 0px;\"><div class=\"fusion-text fusion-text-2\"><h5>A NUESTROS SOCIOS<\/h5>\n<p>Proporcionar eficiencia y oportunidades de crecimiento empresarial<\/p>\n<h5>A NUESTROS ACCIONISTAS<\/h5>\n<p>Analizar los datos del mercado para desarrollar las tendencias innovadoras lucrativas del futuro<\/p>\n<\/div><\/div><style type=\"text\/css\">.fusion-body .fusion-builder-nested-column-1{width:50% !important;margin-top : 0px;margin-bottom : 20px;}.fusion-builder-nested-column-1 > .fusion-column-wrapper {padding-top : 0px !important;padding-right : 0px !important;margin-right : 3.84%;padding-bottom : 0px !important;padding-left : 0px !important;margin-left : 3.84%;}@media only screen and (max-width:1024px) {.fusion-body .fusion-builder-nested-column-1{width:100% !important;order : 0;margin-top : -30px;}.fusion-builder-nested-column-1 > .fusion-column-wrapper {padding-top : 0px !important;margin-right : 1.92%;margin-left : 1.92%;}}@media only screen and (max-width:800px) {.fusion-body .fusion-builder-nested-column-1{width:100% !important;order : 0;}.fusion-builder-nested-column-1 > .fusion-column-wrapper {margin-right : 1.92%;margin-left : 1.92%;}}<\/style><\/div><\/div><\/div><style type=\"text\/css\">.fusion-body .fusion-builder-column-0{width:50% !important;margin-top : 0px;margin-bottom : 20px;}.fusion-builder-column-0 > .fusion-column-wrapper {padding-top : 0px !important;padding-right : 0% !important;margin-right : 9.6%;padding-bottom : 60px !important;padding-left : 0% !important;margin-left : 9.6%;}@media only screen and (max-width:1024px) {.fusion-body .fusion-builder-column-0{width:50% !important;order : 0;}.fusion-builder-column-0 > .fusion-column-wrapper {padding-top : 30px !important;padding-right : 30px !important;margin-right : 9.6%;padding-left : 30px !important;margin-left : 9.6%;}}@media only screen and (max-width:800px) {.fusion-body .fusion-builder-column-0{width:100% !important;order : 2;}.fusion-builder-column-0 > .fusion-column-wrapper {margin-right : 1.92%;padding-bottom : 0px !important;margin-left : 1.92%;}}<\/style><\/div><div class=\"fusion-layout-column fusion_builder_column fusion-builder-column-1 fusion_builder_column_1_2 1_2 fusion-flex-column fusion-flex-align-self-stretch\"><div class=\"fusion-column-wrapper fusion-flex-justify-content-flex-start fusion-content-layout-column fusion-empty-column-bg-image\" style=\"background-image: url(&#039;https:\/\/flexblow.com\/wp-content\/uploads\/2022\/01\/FlexBlow-mission.png&#039;);background-position:center center;background-repeat:no-repeat;-webkit-background-size:cover;-moz-background-size:cover;-o-background-size:cover;background-size:cover;padding: 0px 0px 0px 0px;\" data-bg-url=\"https:\/\/flexblow.com\/wp-content\/uploads\/2022\/01\/FlexBlow-mission.png\"><img class=\"fusion-empty-dims-img-placeholder\" src=\"data:image\/svg+xml,%3Csvg%20xmlns%3D%27http%3A%2F%2Fwww.w3.org%2F2000%2Fsvg%27%20width%3D%271620%27%20height%3D%271080%27%20viewBox%3D%270%200%201620%201080%27%3E%3Crect%20width%3D%271620%27%20height%3D%271080%27%20fill-opacity%3D%220%22%2F%3E%3C%2Fsvg%3E\"><\/div><style type=\"text\/css\">.fusion-body .fusion-builder-column-1{width:50% !important;margin-top : 0px;margin-bottom : 0px;}.fusion-builder-column-1 > .fusion-column-wrapper {padding-top : 0px !important;padding-right : 0px !important;margin-right : 0%;padding-bottom : 0px !important;padding-left : 0px !important;margin-left : 0%;}@media only screen and (max-width:1024px) {.fusion-body .fusion-builder-column-1{width:50% !important;order : 0;}.fusion-builder-column-1 > .fusion-column-wrapper {margin-right : 0%;margin-left : 0%;}}@media only screen and (max-width:800px) {.fusion-body .fusion-builder-column-1{width:100% !important;order : 0;}.fusion-builder-column-1 > .fusion-column-wrapper {margin-right : 1.92%;padding-bottom : 240px !important;margin-left : 1.92%;}}<\/style><\/div><\/div><style type=\"text\/css\">.fusion-body .fusion-flex-container.fusion-builder-row-1{ padding-top : 0px;margin-top : 0px;padding-right : 0px;padding-bottom : 0px;margin-bottom : 0px;padding-left : 0px;}@media only screen and (max-width:1024px) {.fusion-body .fusion-flex-container.fusion-builder-row-1{ padding-right : 0px;}}@media only screen and (max-width:800px) {.fusion-body .fusion-flex-container.fusion-builder-row-1{ padding-right : 0px;padding-bottom : 0px;margin-bottom : 0px;padding-left : 0px;}}<\/style><\/div><div class=\"fusion-fullwidth fullwidth-box fusion-builder-row-2 fusion-flex-container hundred-percent-fullwidth non-hundred-percent-height-scrolling\" style=\"background-color: rgba(255,255,255,0);background-position: center center;background-repeat: no-repeat;border-width: 0px 0px 0px 0px;border-color:var(--awb-color3);border-style:solid;\" ><div class=\"fusion-builder-row fusion-row fusion-flex-align-items-flex-start\" style=\"width:104% !important;max-width:104% !important;margin-left: calc(-4% \/ 2 );margin-right: calc(-4% \/ 2 );\"><div class=\"fusion-layout-column fusion_builder_column fusion-builder-column-2 fusion_builder_column_1_2 1_2 fusion-flex-column fusion-flex-align-self-stretch bg-contain\"><div class=\"fusion-column-wrapper fusion-flex-justify-content-flex-start fusion-content-layout-column fusion-empty-column-bg-image\" style=\"background-image: url(&#039;https:\/\/flexblow.com\/wp-content\/uploads\/2022\/03\/FlexBlow-values.jpg&#039;);background-position:center center;background-repeat:no-repeat;-webkit-background-size:cover;-moz-background-size:cover;-o-background-size:cover;background-size:cover;padding: 0px 0px 0px 0px;\" data-bg-url=\"https:\/\/flexblow.com\/wp-content\/uploads\/2022\/03\/FlexBlow-values.jpg\"><img class=\"fusion-empty-dims-img-placeholder\" src=\"data:image\/svg+xml,%3Csvg%20xmlns%3D%27http%3A%2F%2Fwww.w3.org%2F2000%2Fsvg%27%20width%3D%271488%27%20height%3D%271000%27%20viewBox%3D%270%200%201488%201000%27%3E%3Crect%20width%3D%271488%27%20height%3D%271000%27%20fill-opacity%3D%220%22%2F%3E%3C%2Fsvg%3E\"><\/div><style type=\"text\/css\">.fusion-body .fusion-builder-column-2{width:50% !important;margin-top : 0px;margin-bottom : 0px;}.fusion-builder-column-2 > .fusion-column-wrapper {padding-top : 0px !important;padding-right : 0px !important;margin-right : 0%;padding-bottom : 0px !important;padding-left : 0px !important;margin-left : 0%;}@media only screen and (max-width:1024px) {.fusion-body .fusion-builder-column-2{width:50% !important;order : 0;}.fusion-builder-column-2 > .fusion-column-wrapper {margin-right : 0%;margin-left : 0%;}}@media only screen and (max-width:800px) {.fusion-body .fusion-builder-column-2{width:100% !important;order : 0;}.fusion-builder-column-2 > .fusion-column-wrapper {margin-right : 1.92%;padding-bottom : 420px !important;padding-left : 0px !important;margin-left : 1.92%;}}<\/style><\/div><div class=\"fusion-layout-column fusion_builder_column fusion-builder-column-3 fusion_builder_column_1_2 1_2 fusion-flex-column fusion-flex-align-self-center\"><div class=\"fusion-column-wrapper fusion-flex-justify-content-flex-start fusion-content-layout-column\" style=\"background-position:left top;background-repeat:no-repeat;-webkit-background-size:cover;-moz-background-size:cover;-o-background-size:cover;background-size:cover;background-color:rgba(170,170,170,0);padding: 0px 0px 0px 0px;\"><style type=\"text\/css\">@media only screen and (max-width:1024px) {.fusion-title.fusion-title-2{margin-top:10px!important; margin-right:0px!important;margin-bottom:0px!important;margin-left:0px!important;}}@media only screen and (max-width:800px) {.fusion-title.fusion-title-2{margin-top:10px!important; margin-right:0px!important;margin-bottom:10px!important; margin-left:0px!important;}}<\/style><div class=\"fusion-title title fusion-title-2 fusion-sep-none fusion-title-text fusion-title-size-one\" style=\"margin-top:10px;margin-right:0px;margin-bottom:0px;margin-left:0px;\"><h1 class=\"title-heading-left fusion-responsive-typography-calculated\" style=\"margin:0;--fontSize:48;line-height:1.33;\"><h1>Nuestros valores<\/h1><\/h1><\/div><div class=\"fusion-builder-row fusion-builder-row-inner fusion-row fusion-flex-align-items-flex-start\" style=\"width:104% !important;max-width:104% !important;margin-left: calc(-4% \/ 2 );margin-right: calc(-4% \/ 2 );\"><div class=\"fusion-layout-column fusion_builder_column_inner fusion-builder-nested-column-2 fusion_builder_column_inner_1_2 1_2 fusion-flex-column\"><div class=\"fusion-column-wrapper fusion-flex-justify-content-flex-start fusion-content-layout-column\" style=\"background-position:left top;background-repeat:no-repeat;-webkit-background-size:cover;-moz-background-size:cover;-o-background-size:cover;background-size:cover;padding: 0px 0px 0px 0px;\"><div class=\"fusion-text fusion-text-3 fusion-text-no-margin\" style=\"margin-top:-25px;margin-bottom:-25px;\"><h5 style=\"text-transform: uppercase; font-size: 18px;\" data-fusion-font=\"true\">Innovar<\/h5>\n<p style=\"font-size: 18px;\" data-fusion-font=\"true\">FlexBlow mejora continuamente sus productos y servicios, ofreciendo as\u00ed m\u00e1s libertad a sus clientes, socios, equipo y a la sociedad<\/p>\n<h5 style=\"text-transform: uppercase; font-size: 18px;\" data-fusion-font=\"true\">Cooperar<\/h5>\n<p style=\"font-size: 18px;\" data-fusion-font=\"true\">En el desempe\u00f1o de nuestras tareas, nos apoyamos en la experiencia y las ideas de nuestros compa\u00f1eros, construimos nuestras relaciones sobre la base de la confianza<\/p>\n<h5 style=\"text-transform: uppercase; font-size: 18px;\" data-fusion-font=\"true\">Asumir la responsabilidad<\/h5>\n<p style=\"font-size: 18px;\" data-fusion-font=\"true\">Entendemos el prop\u00f3sito de una tarea y asumimos con valent\u00eda la responsabilidad<\/p>\n<\/div><\/div><style type=\"text\/css\">.fusion-body .fusion-builder-nested-column-2{width:50% !important;margin-top : 0px;margin-bottom : 20px;}.fusion-builder-nested-column-2 > .fusion-column-wrapper {padding-top : 0 !important;padding-right : 0px !important;margin-right : 3.84%;padding-bottom : 0px !important;padding-left : 0px !important;margin-left : 3.84%;}@media only screen and (max-width:1024px) {.fusion-body .fusion-builder-nested-column-2{width:50% !important;order : 0;}.fusion-builder-nested-column-2 > .fusion-column-wrapper {margin-right : 3.84%;margin-left : 3.84%;}}@media only screen and (max-width:800px) {.fusion-body .fusion-builder-nested-column-2{width:100% !important;order : 0;margin-bottom : 0px;}.fusion-builder-nested-column-2 > .fusion-column-wrapper {margin-right : 1.92%;margin-left : 1.92%;}}<\/style><\/div><div class=\"fusion-layout-column fusion_builder_column_inner fusion-builder-nested-column-3 fusion_builder_column_inner_1_2 1_2 fusion-flex-column\"><div class=\"fusion-column-wrapper fusion-flex-justify-content-flex-start fusion-content-layout-column\" style=\"background-position:left top;background-repeat:no-repeat;-webkit-background-size:cover;-moz-background-size:cover;-o-background-size:cover;background-size:cover;padding: 0px 0px 0px 0px;\"><div class=\"fusion-text fusion-text-4 fusion-text-no-margin\" style=\"margin-top:-25px;margin-bottom:-25px;\"><h5 style=\"text-transform: uppercase; font-size: 18px;\" data-fusion-font=\"true\">Mejorar<\/h5>\n<p style=\"font-size: 18px;\" data-fusion-font=\"true\">La flexibilidad y la libertad de FlexBlow s\u00f3lo son posibles mediante la mejora continua del proceso, es decir, la reducci\u00f3n del tiempo necesario y la digitalizaci\u00f3n<\/p>\n<h5 style=\"text-transform: uppercase; font-size: 18px;\" data-fusion-font=\"true\">Shine<\/h5>\n<p style=\"font-size: 18px;\" data-fusion-font=\"true\">Cada peque\u00f1a victoria nos alegra y nos hace avanzar<\/p>\n<\/div><\/div><style type=\"text\/css\">.fusion-body .fusion-builder-nested-column-3{width:50% !important;margin-top : 0px;margin-bottom : 20px;}.fusion-builder-nested-column-3 > .fusion-column-wrapper {padding-top : 0 !important;padding-right : 0px !important;margin-right : 3.84%;padding-bottom : 0px !important;padding-left : 0px !important;margin-left : 3.84%;}@media only screen and (max-width:1024px) {.fusion-body .fusion-builder-nested-column-3{width:50% !important;order : 0;}.fusion-builder-nested-column-3 > .fusion-column-wrapper {margin-right : 3.84%;margin-left : 3.84%;}}@media only screen and (max-width:800px) {.fusion-body .fusion-builder-nested-column-3{width:100% !important;order : 0;margin-top : -30px;}.fusion-builder-nested-column-3 > .fusion-column-wrapper {margin-right : 1.92%;margin-left : 1.92%;}}<\/style><\/div><\/div><\/div><style type=\"text\/css\">.fusion-body .fusion-builder-column-3{width:50% !important;margin-top : 0px;margin-bottom : 0px;}.fusion-builder-column-3 > .fusion-column-wrapper {padding-top : 0px !important;padding-right : 0px !important;margin-right : 9.6%;padding-bottom : 0px !important;padding-left : 0px !important;margin-left : 9.6%;}@media only screen and (max-width:1024px) {.fusion-body .fusion-builder-column-3{width:50% !important;order : 0;}.fusion-builder-column-3 > .fusion-column-wrapper {padding-top : 30px !important;padding-right : 30px !important;margin-right : 9.6%;padding-left : 30px !important;margin-left : 9.6%;}}@media only screen and (max-width:800px) {.fusion-body .fusion-builder-column-3{width:100% !important;order : 1;}.fusion-builder-column-3 > .fusion-column-wrapper {padding-right : 30px !important;margin-right : 1.92%;padding-left : 30px !important;margin-left : 1.92%;}}<\/style><\/div><\/div><style type=\"text\/css\">.fusion-body .fusion-flex-container.fusion-builder-row-2{ padding-top : 0px;margin-top : 0px;padding-right : 0px;padding-bottom : 0px;margin-bottom : 0px;padding-left : 0px;}@media only screen and (max-width:1024px) {.fusion-body .fusion-flex-container.fusion-builder-row-2{ padding-right : 0px;}}@media only screen and (max-width:800px) {.fusion-body .fusion-flex-container.fusion-builder-row-2{ padding-right : 0px;padding-left : 0px;}}<\/style><\/div>","protected":false},"excerpt":{"rendered":"","protected":false},"author":1,"featured_media":3076,"parent":0,"menu_order":0,"comment_status":"closed","ping_status":"closed","template":"100-width.php","meta":[],"acf":[],"yoast_head":"<!-- This site is optimized with the Yoast SEO Premium plugin v18.7 (Yoast SEO v19.1) - https:\/\/yoast.com\/wordpress\/plugins\/seo\/ -->\n<title>Mision, valores - FlexBlow<\/title>\n<meta name=\"description\" content=\"Aportar soluciones que garanticen confianza, confort y prosperidad. Proporcionar eficiencia y oportunidades de crecimiento empresarial. Apreciar unidos y...\" \/>\n<meta name=\"robots\" content=\"index, follow, max-snippet:-1, max-image-preview:large, max-video-preview:-1\" \/>\n<link rel=\"canonical\" href=\"https:\/\/flexblow.com\/es\/mision-valores\/\" \/>\n<meta property=\"og:locale\" content=\"es_ES\" \/>\n<meta property=\"og:type\" content=\"article\" \/>\n<meta property=\"og:title\" content=\"Mision, valores\" \/>\n<meta property=\"og:description\" content=\"Aportar soluciones que garanticen confianza, confort y prosperidad. Proporcionar eficiencia y oportunidades de crecimiento empresarial. Apreciar unidos y...\" \/>\n<meta property=\"og:url\" content=\"https:\/\/flexblow.com\/es\/mision-valores\/\" \/>\n<meta property=\"og:site_name\" content=\"FlexBlow\" \/>\n<meta property=\"article:publisher\" content=\"https:\/\/www.facebook.com\/FlexBlowPETblowmoulders\" \/>\n<meta property=\"article:modified_time\" content=\"2022-08-10T13:59:01+00:00\" \/>\n<meta property=\"og:image\" content=\"https:\/\/flexblow.com\/wp-content\/uploads\/2022\/01\/FlexBlow-mission.png\" \/>\n\t<meta property=\"og:image:width\" content=\"1620\" \/>\n\t<meta property=\"og:image:height\" content=\"1080\" \/>\n\t<meta property=\"og:image:type\" content=\"image\/png\" \/>\n<meta name=\"twitter:card\" content=\"summary_large_image\" \/>\n<meta name=\"twitter:label1\" content=\"Tiempo de lectura\" \/>\n\t<meta name=\"twitter:data1\" content=\"5 minutos\" \/>\n<script type=\"application\/ld+json\" class=\"yoast-schema-graph\">{\"@context\":\"https:\/\/schema.org\",\"@graph\":[{\"@type\":\"Organization\",\"@id\":\"https:\/\/flexblow.com\/es\/#organization\",\"name\":\"FlexBlow\",\"url\":\"https:\/\/flexblow.com\/es\/\",\"sameAs\":[\"https:\/\/www.linkedin.com\/company\/10927926\",\"https:\/\/www.youtube.com\/c\/FlexBlow\",\"https:\/\/www.facebook.com\/FlexBlowPETblowmoulders\"],\"logo\":{\"@type\":\"ImageObject\",\"inLanguage\":\"es\",\"@id\":\"https:\/\/flexblow.com\/es\/#\/schema\/logo\/image\/\",\"url\":\"https:\/\/flexblow.com\/wp-content\/uploads\/2022\/01\/logo.png\",\"contentUrl\":\"https:\/\/flexblow.com\/wp-content\/uploads\/2022\/01\/logo.png\",\"width\":1490,\"height\":242,\"caption\":\"FlexBlow\"},\"image\":{\"@id\":\"https:\/\/flexblow.com\/es\/#\/schema\/logo\/image\/\"}},{\"@type\":\"WebSite\",\"@id\":\"https:\/\/flexblow.com\/es\/#website\",\"url\":\"https:\/\/flexblow.com\/es\/\",\"name\":\"FlexBlow\",\"description\":\"Packaging Freedom\",\"publisher\":{\"@id\":\"https:\/\/flexblow.com\/es\/#organization\"},\"potentialAction\":[{\"@type\":\"SearchAction\",\"target\":{\"@type\":\"EntryPoint\",\"urlTemplate\":\"https:\/\/flexblow.com\/es\/?s={search_term_string}\"},\"query-input\":\"required name=search_term_string\"}],\"inLanguage\":\"es\"},{\"@type\":\"ImageObject\",\"inLanguage\":\"es\",\"@id\":\"https:\/\/flexblow.com\/es\/mision-valores\/#primaryimage\",\"url\":\"https:\/\/flexblow.com\/wp-content\/uploads\/2022\/01\/FlexBlow-mission.png\",\"contentUrl\":\"https:\/\/flexblow.com\/wp-content\/uploads\/2022\/01\/FlexBlow-mission.png\",\"width\":1620,\"height\":1080},{\"@type\":\"WebPage\",\"@id\":\"https:\/\/flexblow.com\/es\/mision-valores\/#webpage\",\"url\":\"https:\/\/flexblow.com\/es\/mision-valores\/\",\"name\":\"Mision, valores - FlexBlow\",\"isPartOf\":{\"@id\":\"https:\/\/flexblow.com\/es\/#website\"},\"primaryImageOfPage\":{\"@id\":\"https:\/\/flexblow.com\/es\/mision-valores\/#primaryimage\"},\"datePublished\":\"2022-01-04T08:42:47+00:00\",\"dateModified\":\"2022-08-10T13:59:01+00:00\",\"description\":\"Aportar soluciones que garanticen confianza, confort y prosperidad. Proporcionar eficiencia y oportunidades de crecimiento empresarial. Apreciar unidos y...\",\"breadcrumb\":{\"@id\":\"https:\/\/flexblow.com\/es\/mision-valores\/#breadcrumb\"},\"inLanguage\":\"es\",\"potentialAction\":[{\"@type\":\"ReadAction\",\"target\":[\"https:\/\/flexblow.com\/es\/mision-valores\/\"]}]},{\"@type\":\"BreadcrumbList\",\"@id\":\"https:\/\/flexblow.com\/es\/mision-valores\/#breadcrumb\",\"itemListElement\":[{\"@type\":\"ListItem\",\"position\":1,\"name\":\"Home\",\"item\":\"https:\/\/flexblow.com\/es\/\"},{\"@type\":\"ListItem\",\"position\":2,\"name\":\"Mision, valores\"}]}]}<\/script>\n<!-- \/ Yoast SEO Premium plugin. -->","yoast_head_json":{"title":"Mision, valores - FlexBlow","description":"Aportar soluciones que garanticen confianza, confort y prosperidad. Proporcionar eficiencia y oportunidades de crecimiento empresarial. Apreciar unidos y...","robots":{"index":"index","follow":"follow","max-snippet":"max-snippet:-1","max-image-preview":"max-image-preview:large","max-video-preview":"max-video-preview:-1"},"canonical":"https:\/\/flexblow.com\/es\/mision-valores\/","og_locale":"es_ES","og_type":"article","og_title":"Mision, valores","og_description":"Aportar soluciones que garanticen confianza, confort y prosperidad. Proporcionar eficiencia y oportunidades de crecimiento empresarial. Apreciar unidos y...","og_url":"https:\/\/flexblow.com\/es\/mision-valores\/","og_site_name":"FlexBlow","article_publisher":"https:\/\/www.facebook.com\/FlexBlowPETblowmoulders","article_modified_time":"2022-08-10T13:59:01+00:00","og_image":[{"width":1620,"height":1080,"url":"https:\/\/flexblow.com\/wp-content\/uploads\/2022\/01\/FlexBlow-mission.png","type":"image\/png"}],"twitter_card":"summary_large_image","twitter_misc":{"Tiempo de lectura":"5 minutos"},"schema":{"@context":"https:\/\/schema.org","@graph":[{"@type":"Organization","@id":"https:\/\/flexblow.com\/es\/#organization","name":"FlexBlow","url":"https:\/\/flexblow.com\/es\/","sameAs":["https:\/\/www.linkedin.com\/company\/10927926","https:\/\/www.youtube.com\/c\/FlexBlow","https:\/\/www.facebook.com\/FlexBlowPETblowmoulders"],"logo":{"@type":"ImageObject","inLanguage":"es","@id":"https:\/\/flexblow.com\/es\/#\/schema\/logo\/image\/","url":"https:\/\/flexblow.com\/wp-content\/uploads\/2022\/01\/logo.png","contentUrl":"https:\/\/flexblow.com\/wp-content\/uploads\/2022\/01\/logo.png","width":1490,"height":242,"caption":"FlexBlow"},"image":{"@id":"https:\/\/flexblow.com\/es\/#\/schema\/logo\/image\/"}},{"@type":"WebSite","@id":"https:\/\/flexblow.com\/es\/#website","url":"https:\/\/flexblow.com\/es\/","name":"FlexBlow","description":"Packaging Freedom","publisher":{"@id":"https:\/\/flexblow.com\/es\/#organization"},"potentialAction":[{"@type":"SearchAction","target":{"@type":"EntryPoint","urlTemplate":"https:\/\/flexblow.com\/es\/?s={search_term_string}"},"query-input":"required name=search_term_string"}],"inLanguage":"es"},{"@type":"ImageObject","inLanguage":"es","@id":"https:\/\/flexblow.com\/es\/mision-valores\/#primaryimage","url":"https:\/\/flexblow.com\/wp-content\/uploads\/2022\/01\/FlexBlow-mission.png","contentUrl":"https:\/\/flexblow.com\/wp-content\/uploads\/2022\/01\/FlexBlow-mission.png","width":1620,"height":1080},{"@type":"WebPage","@id":"https:\/\/flexblow.com\/es\/mision-valores\/#webpage","url":"https:\/\/flexblow.com\/es\/mision-valores\/","name":"Mision, valores - FlexBlow","isPartOf":{"@id":"https:\/\/flexblow.com\/es\/#website"},"primaryImageOfPage":{"@id":"https:\/\/flexblow.com\/es\/mision-valores\/#primaryimage"},"datePublished":"2022-01-04T08:42:47+00:00","dateModified":"2022-08-10T13:59:01+00:00","description":"Aportar soluciones que garanticen confianza, confort y prosperidad. Proporcionar eficiencia y oportunidades de crecimiento empresarial. Apreciar unidos y...","breadcrumb":{"@id":"https:\/\/flexblow.com\/es\/mision-valores\/#breadcrumb"},"inLanguage":"es","potentialAction":[{"@type":"ReadAction","target":["https:\/\/flexblow.com\/es\/mision-valores\/"]}]},{"@type":"BreadcrumbList","@id":"https:\/\/flexblow.com\/es\/mision-valores\/#breadcrumb","itemListElement":[{"@type":"ListItem","position":1,"name":"Home","item":"https:\/\/flexblow.com\/es\/"},{"@type":"ListItem","position":2,"name":"Mision, valores"}]}]}},"_links":{"self":[{"href":"https:\/\/flexblow.com\/es\/wp-json\/wp\/v2\/pages\/3277"}],"collection":[{"href":"https:\/\/flexblow.com\/es\/wp-json\/wp\/v2\/pages"}],"about":[{"href":"https:\/\/flexblow.com\/es\/wp-json\/wp\/v2\/types\/page"}],"author":[{"embeddable":true,"href":"https:\/\/flexblow.com\/es\/wp-json\/wp\/v2\/users\/1"}],"replies":[{"embeddable":true,"href":"https:\/\/flexblow.com\/es\/wp-json\/wp\/v2\/comments?post=3277"}],"version-history":[{"count":11,"href":"https:\/\/flexblow.com\/es\/wp-json\/wp\/v2\/pages\/3277\/revisions"}],"predecessor-version":[{"id":4291,"href":"https:\/\/flexblow.com\/es\/wp-json\/wp\/v2\/pages\/3277\/revisions\/4291"}],"wp:featuredmedia":[{"embeddable":true,"href":"https:\/\/flexblow.com\/es\/wp-json\/wp\/v2\/media\/3076"}],"wp:attachment":[{"href":"https:\/\/flexblow.com\/es\/wp-json\/wp\/v2\/media?parent=3277"}],"curies":[{"name":"wp","href":"https:\/\/api.w.org\/{rel}","templated":true}]}}