{"id":3234,"date":"2022-01-04T10:01:48","date_gmt":"2022-01-04T08:01:48","guid":{"rendered":"https:\/\/flexblow.com\/special-preforms-conozca-mas"},"modified":"2022-09-21T12:54:07","modified_gmt":"2022-09-21T10:54:07","slug":"special-preforms-conozca-mas","status":"publish","type":"page","link":"https:\/\/flexblow.com\/es\/special-preforms-conozca-mas\/","title":{"rendered":"Special preforms \u2013 conozca mas"},"content":{"rendered":"<div class=\"fusion-fullwidth fullwidth-box fusion-builder-row-1 fusion-flex-container split-page hundred-percent-fullwidth non-hundred-percent-height-scrolling\" style=\"background-color: rgba(255,255,255,0);background-position: center center;background-repeat: no-repeat;border-width: 0px 0px 0px 0px;border-color:var(--awb-color3);border-style:solid;\" ><div class=\"fusion-builder-row fusion-row fusion-flex-align-items-flex-start\" style=\"width:104% !important;max-width:104% !important;margin-left: calc(-4% \/ 2 );margin-right: calc(-4% \/ 2 );\"><div class=\"fusion-layout-column fusion_builder_column fusion-builder-column-0 fusion_builder_column_1_2 1_2 fusion-flex-column fusion-flex-align-self-center\"><div class=\"fusion-column-wrapper fusion-flex-justify-content-center fusion-content-layout-row fusion-flex-align-items-center\" style=\"background-position:left top;background-repeat:no-repeat;-webkit-background-size:cover;-moz-background-size:cover;-o-background-size:cover;background-size:cover;background-color:rgba(170,170,170,0);padding: 0px 10% 60px 10%;\"><div class=\"fusion-text fusion-text-1\"><h1>Preformas especiales<\/h1>\n<p>Las preformas especiales de FlexBlow ofrecen una amplia libertad para el dise\u00f1o, comercializaci\u00f3n y facilidad de manufactura de contenedores ( materiales, color, aditivos, geometr\u00eda, etc) proporcionando alta velocidad y simplicidad de operaci\u00f3n.<\/p>\n<ul style=\"list-style: '- ';\">\n<li>Preformas gen\u00e9ricas<\/li>\n<li>Preforma para llenado en caliente<\/li>\n<li>Preformas personalizadas<\/li>\n<li>Preformas con resina reciclada<\/li>\n<li>Preformas para contenedores de Polipropileno<\/li>\n<li>Preformas biodegradables<\/li>\n<\/ul>\n<\/div><div class=\"fusion-builder-row fusion-builder-row-inner fusion-row fusion-flex-align-items-flex-start\" style=\"width:104% !important;max-width:104% !important;margin-left: calc(-4% \/ 2 );margin-right: calc(-4% \/ 2 );\"><div class=\"fusion-layout-column fusion_builder_column_inner fusion-builder-nested-column-0 fusion_builder_column_inner_1_1 1_1 fusion-flex-column fusion-flex-align-self-center fusion-no-medium-visibility fusion-no-large-visibility\"><div class=\"fusion-column-wrapper fusion-flex-justify-content-center fusion-content-layout-row fusion-flex-align-items-center\" style=\"background-position:left top;background-repeat:no-repeat;-webkit-background-size:cover;-moz-background-size:cover;-o-background-size:cover;background-size:cover;padding: 0px 0px 20px 0px;\"><div ><style>.fusion-button.button-1 .fusion-button-text,.fusion-button.button-1 i{color:#ffffff;}.fusion-button.button-1{border-color:#000000;border-radius:23px 23px 23px 23px;background:var(--awb-color4);font-family:\"TT Travels Bold\";font-weight:400;}.fusion-button.button-1:hover .fusion-button-text,.fusion-button.button-1:hover i,.fusion-button.button-1:focus .fusion-button-text,.fusion-button.button-1:focus i,.fusion-button.button-1:active .fusion-button-text,.fusion-button.button-1:active i{color:#000000;}.fusion-button.button-1:hover,.fusion-button.button-1:active,.fusion-button.button-1:focus{border-color:#000000;background:#e5e5e5;background-image:linear-gradient(180deg,#e5e5e5 0%,var(--awb-custom_color_1) 100%);}<\/style><a class=\"fusion-button button-flat button-small button-custom button-1 fusion-button-default-span fusion-button-default-type fusion-no-small-visibility\" target=\"_blank\" rel=\"noopener noreferrer\" title=\"Special preforms \u2013 conozca mas\" href=\"https:\/\/flexblow.com\/es\/special-preforms-conozca-mas\/\" style=\"margin-right:20px;margin-bottom:20px;\"><span class=\"fusion-button-text\">Conozca mas<\/span><\/a><\/div><div ><style>.fusion-button.button-2{border-radius:23px 23px 23px 23px;font-family:\"TT Travels Bold\";font-weight:400;}<\/style><a class=\"fusion-button button-flat button-small button-default button-2 fusion-button-default-span fusion-button-default-type\" target=\"_blank\" rel=\"noopener noreferrer\" title=\"Pedido especial de preformas\" href=\"https:\/\/specialpreforms.com\" style=\"margin-right:20px;margin-bottom:20px;\"><span class=\"fusion-button-text\">Oferta Instantanea<\/span><\/a><\/div><\/div><style type=\"text\/css\">.fusion-body .fusion-builder-nested-column-0{width:100% !important;margin-top : 0px;margin-bottom : 0px;}.fusion-builder-nested-column-0 > .fusion-column-wrapper {padding-top : 0px !important;padding-right : 0px !important;margin-right : 1.92%;padding-bottom : 20px !important;padding-left : 0px !important;margin-left : 1.92%;}@media only screen and (max-width:1024px) {.fusion-body .fusion-builder-nested-column-0{width:100% !important;order : 0;}.fusion-builder-nested-column-0 > .fusion-column-wrapper {margin-right : 1.92%;margin-left : 1.92%;}}@media only screen and (max-width:800px) {.fusion-body .fusion-builder-nested-column-0{width:100% !important;order : 0;}.fusion-builder-nested-column-0 > .fusion-column-wrapper {margin-right : 1.92%;margin-left : 1.92%;}}<\/style><\/div><\/div><\/div><style type=\"text\/css\">.fusion-body .fusion-builder-column-0{width:50% !important;margin-top : 0px;margin-bottom : 20px;}.fusion-builder-column-0 > .fusion-column-wrapper {padding-top : 0px !important;padding-right : 10% !important;margin-right : 0%;padding-bottom : 60px !important;padding-left : 10% !important;margin-left : 0%;}@media only screen and (max-width:1024px) {.fusion-body .fusion-builder-column-0{width:50% !important;order : 0;}.fusion-builder-column-0 > .fusion-column-wrapper {margin-right : 0%;margin-left : 0%;}}@media only screen and (max-width:800px) {.fusion-body .fusion-builder-column-0{width:100% !important;order : 1;}.fusion-builder-column-0 > .fusion-column-wrapper {margin-right : 1.92%;margin-left : 1.92%;}}<\/style><\/div><div class=\"fusion-layout-column fusion_builder_column fusion-builder-column-1 fusion_builder_column_1_2 1_2 fusion-flex-column fusion-flex-align-self-stretch\"><div class=\"fusion-column-wrapper fusion-flex-justify-content-flex-end fusion-content-layout-column\" style=\"background-image: url(&#039;https:\/\/flexblow.com\/wp-content\/uploads\/2022\/01\/Special-preforms.png&#039;);background-position:center center;background-repeat:no-repeat;-webkit-background-size:cover;-moz-background-size:cover;-o-background-size:cover;background-size:cover;padding: 0px 0px 0px 0px;\" data-bg-url=\"https:\/\/flexblow.com\/wp-content\/uploads\/2022\/01\/Special-preforms.png\"><div class=\"fusion-builder-row fusion-builder-row-inner fusion-row fusion-flex-align-items-flex-start\" style=\"width:104% !important;max-width:104% !important;margin-left: calc(-4% \/ 2 );margin-right: calc(-4% \/ 2 );\"><div class=\"fusion-layout-column fusion_builder_column_inner fusion-builder-nested-column-1 fusion_builder_column_inner_1_1 1_1 fusion-flex-column fusion-flex-align-self-center fusion-no-small-visibility\"><div class=\"fusion-column-wrapper fusion-flex-justify-content-center fusion-content-layout-row fusion-flex-align-items-center\" style=\"background-position:left top;background-repeat:no-repeat;-webkit-background-size:cover;-moz-background-size:cover;-o-background-size:cover;background-size:cover;padding: 0px 0px 20px 0px;\"><div ><style>.fusion-button.button-3 .fusion-button-text,.fusion-button.button-3 i{color:#ffffff;}.fusion-button.button-3{border-color:#000000;border-radius:23px 23px 23px 23px;background:var(--awb-color4);font-family:\"TT Travels Bold\";font-weight:400;}.fusion-button.button-3:hover .fusion-button-text,.fusion-button.button-3:hover i,.fusion-button.button-3:focus .fusion-button-text,.fusion-button.button-3:focus i,.fusion-button.button-3:active .fusion-button-text,.fusion-button.button-3:active i{color:#000000;}.fusion-button.button-3:hover,.fusion-button.button-3:active,.fusion-button.button-3:focus{border-color:#000000;background:#e5e5e5;background-image:linear-gradient(180deg,#e5e5e5 0%,var(--awb-custom_color_1) 100%);}<\/style><a class=\"fusion-button button-flat button-small button-custom button-3 fusion-button-default-span fusion-button-default-type fusion-no-medium-visibility fusion-no-large-visibility\" target=\"_self\" title=\"Special preforms \u2013 conozca mas\" href=\"https:\/\/flexblow.com\/es\/special-preforms-conozca-mas\/\" style=\"margin-right:20px;margin-bottom:20px;\"><span class=\"fusion-button-text\">Conozca mas<\/span><\/a><\/div><div ><style>.fusion-button.button-4{border-radius:23px 23px 23px 23px;font-family:\"TT Travels Bold\";font-weight:400;}<\/style><a class=\"fusion-button button-flat button-small button-default button-4 fusion-button-default-span fusion-button-default-type\" target=\"_blank\" rel=\"noopener noreferrer\" title=\"Pedido especial de preformas\" href=\"https:\/\/specialpreforms.com\" style=\"margin-right:20px;margin-bottom:20px;\"><span class=\"fusion-button-text\">Oferta Instantanea<\/span><\/a><\/div><\/div><style type=\"text\/css\">.fusion-body .fusion-builder-nested-column-1{width:100% !important;margin-top : 0px;margin-bottom : 0px;}.fusion-builder-nested-column-1 > .fusion-column-wrapper {padding-top : 0px !important;padding-right : 0px !important;margin-right : 1.92%;padding-bottom : 20px !important;padding-left : 0px !important;margin-left : 1.92%;}@media only screen and (max-width:1024px) {.fusion-body .fusion-builder-nested-column-1{width:100% !important;order : 0;}.fusion-builder-nested-column-1 > .fusion-column-wrapper {margin-right : 1.92%;margin-left : 1.92%;}}@media only screen and (max-width:800px) {.fusion-body .fusion-builder-nested-column-1{width:100% !important;order : 0;}.fusion-builder-nested-column-1 > .fusion-column-wrapper {margin-right : 1.92%;margin-left : 1.92%;}}<\/style><\/div><\/div><\/div><style type=\"text\/css\">.fusion-body .fusion-builder-column-1{width:50% !important;margin-top : 0px;margin-bottom : 0px;}.fusion-builder-column-1 > .fusion-column-wrapper {padding-top : 0px !important;padding-right : 0px !important;margin-right : 0%;padding-bottom : 0px !important;padding-left : 0px !important;margin-left : 0%;}@media only screen and (max-width:1024px) {.fusion-body .fusion-builder-column-1{width:50% !important;order : 0;}.fusion-builder-column-1 > .fusion-column-wrapper {margin-right : 0%;margin-left : 0%;}}@media only screen and (max-width:800px) {.fusion-body .fusion-builder-column-1{width:100% !important;order : 0;}.fusion-builder-column-1 > .fusion-column-wrapper {margin-right : 1.92%;padding-bottom : 200px !important;margin-left : 1.92%;}}<\/style><\/div><\/div><style type=\"text\/css\">.fusion-body .fusion-flex-container.fusion-builder-row-1{ padding-top : 0px;margin-top : 0px;padding-right : 0px;padding-bottom : 0px;margin-bottom : 0px;padding-left : 0px;}@media only screen and (max-width:1024px) {.fusion-body .fusion-flex-container.fusion-builder-row-1{ padding-right : 0px;}}@media only screen and (max-width:800px) {.fusion-body .fusion-flex-container.fusion-builder-row-1{ padding-right : 0px;padding-left : 0px;}}<\/style><\/div>","protected":false},"excerpt":{"rendered":"","protected":false},"author":1,"featured_media":3073,"parent":0,"menu_order":0,"comment_status":"closed","ping_status":"closed","template":"100-width.php","meta":[],"acf":[],"yoast_head":"<!-- This site is optimized with the Yoast SEO Premium plugin v18.7 (Yoast SEO v19.1) - https:\/\/yoast.com\/wordpress\/plugins\/seo\/ -->\n<title>Special preforms \u2013 conozca mas - FlexBlow<\/title>\n<meta name=\"robots\" content=\"index, follow, max-snippet:-1, max-image-preview:large, max-video-preview:-1\" \/>\n<link rel=\"canonical\" href=\"https:\/\/flexblow.com\/es\/special-preforms-conozca-mas\/\" \/>\n<meta property=\"og:locale\" content=\"es_ES\" \/>\n<meta property=\"og:type\" content=\"article\" \/>\n<meta property=\"og:title\" content=\"Special preforms \u2013 conozca mas\" \/>\n<meta property=\"og:url\" content=\"https:\/\/flexblow.com\/es\/special-preforms-conozca-mas\/\" \/>\n<meta property=\"og:site_name\" content=\"FlexBlow\" \/>\n<meta property=\"article:publisher\" content=\"https:\/\/www.facebook.com\/FlexBlowPETblowmoulders\" \/>\n<meta property=\"article:modified_time\" content=\"2022-09-21T10:54:07+00:00\" \/>\n<meta property=\"og:image\" content=\"https:\/\/flexblow.com\/wp-content\/uploads\/2022\/01\/Special-preforms.png\" \/>\n\t<meta property=\"og:image:width\" content=\"2200\" \/>\n\t<meta property=\"og:image:height\" content=\"1375\" \/>\n\t<meta property=\"og:image:type\" content=\"image\/png\" \/>\n<meta name=\"twitter:card\" content=\"summary_large_image\" \/>\n<meta name=\"twitter:label1\" content=\"Tiempo de lectura\" \/>\n\t<meta name=\"twitter:data1\" content=\"9 minutos\" \/>\n<script type=\"application\/ld+json\" class=\"yoast-schema-graph\">{\"@context\":\"https:\/\/schema.org\",\"@graph\":[{\"@type\":\"Organization\",\"@id\":\"https:\/\/flexblow.com\/es\/#organization\",\"name\":\"FlexBlow\",\"url\":\"https:\/\/flexblow.com\/es\/\",\"sameAs\":[\"https:\/\/www.linkedin.com\/company\/10927926\",\"https:\/\/www.youtube.com\/c\/FlexBlow\",\"https:\/\/www.facebook.com\/FlexBlowPETblowmoulders\"],\"logo\":{\"@type\":\"ImageObject\",\"inLanguage\":\"es\",\"@id\":\"https:\/\/flexblow.com\/es\/#\/schema\/logo\/image\/\",\"url\":\"https:\/\/flexblow.com\/wp-content\/uploads\/2022\/01\/logo.png\",\"contentUrl\":\"https:\/\/flexblow.com\/wp-content\/uploads\/2022\/01\/logo.png\",\"width\":1490,\"height\":242,\"caption\":\"FlexBlow\"},\"image\":{\"@id\":\"https:\/\/flexblow.com\/es\/#\/schema\/logo\/image\/\"}},{\"@type\":\"WebSite\",\"@id\":\"https:\/\/flexblow.com\/es\/#website\",\"url\":\"https:\/\/flexblow.com\/es\/\",\"name\":\"FlexBlow\",\"description\":\"Packaging Freedom\",\"publisher\":{\"@id\":\"https:\/\/flexblow.com\/es\/#organization\"},\"potentialAction\":[{\"@type\":\"SearchAction\",\"target\":{\"@type\":\"EntryPoint\",\"urlTemplate\":\"https:\/\/flexblow.com\/es\/?s={search_term_string}\"},\"query-input\":\"required name=search_term_string\"}],\"inLanguage\":\"es\"},{\"@type\":\"ImageObject\",\"inLanguage\":\"es\",\"@id\":\"https:\/\/flexblow.com\/es\/special-preforms-conozca-mas\/#primaryimage\",\"url\":\"https:\/\/flexblow.com\/wp-content\/uploads\/2022\/01\/Special-preforms.png\",\"contentUrl\":\"https:\/\/flexblow.com\/wp-content\/uploads\/2022\/01\/Special-preforms.png\",\"width\":2200,\"height\":1375},{\"@type\":\"WebPage\",\"@id\":\"https:\/\/flexblow.com\/es\/special-preforms-conozca-mas\/#webpage\",\"url\":\"https:\/\/flexblow.com\/es\/special-preforms-conozca-mas\/\",\"name\":\"Special preforms \u2013 conozca mas - FlexBlow\",\"isPartOf\":{\"@id\":\"https:\/\/flexblow.com\/es\/#website\"},\"primaryImageOfPage\":{\"@id\":\"https:\/\/flexblow.com\/es\/special-preforms-conozca-mas\/#primaryimage\"},\"datePublished\":\"2022-01-04T08:01:48+00:00\",\"dateModified\":\"2022-09-21T10:54:07+00:00\",\"breadcrumb\":{\"@id\":\"https:\/\/flexblow.com\/es\/special-preforms-conozca-mas\/#breadcrumb\"},\"inLanguage\":\"es\",\"potentialAction\":[{\"@type\":\"ReadAction\",\"target\":[\"https:\/\/flexblow.com\/es\/special-preforms-conozca-mas\/\"]}]},{\"@type\":\"BreadcrumbList\",\"@id\":\"https:\/\/flexblow.com\/es\/special-preforms-conozca-mas\/#breadcrumb\",\"itemListElement\":[{\"@type\":\"ListItem\",\"position\":1,\"name\":\"Home\",\"item\":\"https:\/\/flexblow.com\/es\/\"},{\"@type\":\"ListItem\",\"position\":2,\"name\":\"Special preforms \u2013 conozca mas\"}]}]}<\/script>\n<!-- \/ Yoast SEO Premium plugin. -->","yoast_head_json":{"title":"Special preforms \u2013 conozca mas - FlexBlow","robots":{"index":"index","follow":"follow","max-snippet":"max-snippet:-1","max-image-preview":"max-image-preview:large","max-video-preview":"max-video-preview:-1"},"canonical":"https:\/\/flexblow.com\/es\/special-preforms-conozca-mas\/","og_locale":"es_ES","og_type":"article","og_title":"Special preforms \u2013 conozca mas","og_url":"https:\/\/flexblow.com\/es\/special-preforms-conozca-mas\/","og_site_name":"FlexBlow","article_publisher":"https:\/\/www.facebook.com\/FlexBlowPETblowmoulders","article_modified_time":"2022-09-21T10:54:07+00:00","og_image":[{"width":2200,"height":1375,"url":"https:\/\/flexblow.com\/wp-content\/uploads\/2022\/01\/Special-preforms.png","type":"image\/png"}],"twitter_card":"summary_large_image","twitter_misc":{"Tiempo de lectura":"9 minutos"},"schema":{"@context":"https:\/\/schema.org","@graph":[{"@type":"Organization","@id":"https:\/\/flexblow.com\/es\/#organization","name":"FlexBlow","url":"https:\/\/flexblow.com\/es\/","sameAs":["https:\/\/www.linkedin.com\/company\/10927926","https:\/\/www.youtube.com\/c\/FlexBlow","https:\/\/www.facebook.com\/FlexBlowPETblowmoulders"],"logo":{"@type":"ImageObject","inLanguage":"es","@id":"https:\/\/flexblow.com\/es\/#\/schema\/logo\/image\/","url":"https:\/\/flexblow.com\/wp-content\/uploads\/2022\/01\/logo.png","contentUrl":"https:\/\/flexblow.com\/wp-content\/uploads\/2022\/01\/logo.png","width":1490,"height":242,"caption":"FlexBlow"},"image":{"@id":"https:\/\/flexblow.com\/es\/#\/schema\/logo\/image\/"}},{"@type":"WebSite","@id":"https:\/\/flexblow.com\/es\/#website","url":"https:\/\/flexblow.com\/es\/","name":"FlexBlow","description":"Packaging Freedom","publisher":{"@id":"https:\/\/flexblow.com\/es\/#organization"},"potentialAction":[{"@type":"SearchAction","target":{"@type":"EntryPoint","urlTemplate":"https:\/\/flexblow.com\/es\/?s={search_term_string}"},"query-input":"required name=search_term_string"}],"inLanguage":"es"},{"@type":"ImageObject","inLanguage":"es","@id":"https:\/\/flexblow.com\/es\/special-preforms-conozca-mas\/#primaryimage","url":"https:\/\/flexblow.com\/wp-content\/uploads\/2022\/01\/Special-preforms.png","contentUrl":"https:\/\/flexblow.com\/wp-content\/uploads\/2022\/01\/Special-preforms.png","width":2200,"height":1375},{"@type":"WebPage","@id":"https:\/\/flexblow.com\/es\/special-preforms-conozca-mas\/#webpage","url":"https:\/\/flexblow.com\/es\/special-preforms-conozca-mas\/","name":"Special preforms \u2013 conozca mas - FlexBlow","isPartOf":{"@id":"https:\/\/flexblow.com\/es\/#website"},"primaryImageOfPage":{"@id":"https:\/\/flexblow.com\/es\/special-preforms-conozca-mas\/#primaryimage"},"datePublished":"2022-01-04T08:01:48+00:00","dateModified":"2022-09-21T10:54:07+00:00","breadcrumb":{"@id":"https:\/\/flexblow.com\/es\/special-preforms-conozca-mas\/#breadcrumb"},"inLanguage":"es","potentialAction":[{"@type":"ReadAction","target":["https:\/\/flexblow.com\/es\/special-preforms-conozca-mas\/"]}]},{"@type":"BreadcrumbList","@id":"https:\/\/flexblow.com\/es\/special-preforms-conozca-mas\/#breadcrumb","itemListElement":[{"@type":"ListItem","position":1,"name":"Home","item":"https:\/\/flexblow.com\/es\/"},{"@type":"ListItem","position":2,"name":"Special preforms \u2013 conozca mas"}]}]}},"_links":{"self":[{"href":"https:\/\/flexblow.com\/es\/wp-json\/wp\/v2\/pages\/3234"}],"collection":[{"href":"https:\/\/flexblow.com\/es\/wp-json\/wp\/v2\/pages"}],"about":[{"href":"https:\/\/flexblow.com\/es\/wp-json\/wp\/v2\/types\/page"}],"author":[{"embeddable":true,"href":"https:\/\/flexblow.com\/es\/wp-json\/wp\/v2\/users\/1"}],"replies":[{"embeddable":true,"href":"https:\/\/flexblow.com\/es\/wp-json\/wp\/v2\/comments?post=3234"}],"version-history":[{"count":23,"href":"https:\/\/flexblow.com\/es\/wp-json\/wp\/v2\/pages\/3234\/revisions"}],"predecessor-version":[{"id":4777,"href":"https:\/\/flexblow.com\/es\/wp-json\/wp\/v2\/pages\/3234\/revisions\/4777"}],"wp:featuredmedia":[{"embeddable":true,"href":"https:\/\/flexblow.com\/es\/wp-json\/wp\/v2\/media\/3073"}],"wp:attachment":[{"href":"https:\/\/flexblow.com\/es\/wp-json\/wp\/v2\/media?parent=3234"}],"curies":[{"name":"wp","href":"https:\/\/api.w.org\/{rel}","templated":true}]}}